{"id":5459,"date":"2021-05-11T14:25:24","date_gmt":"2021-05-11T14:25:24","guid":{"rendered":"https:\/\/swost.eu\/?page_id=5459"},"modified":"2022-12-23T11:07:07","modified_gmt":"2022-12-23T11:07:07","slug":"proje","status":"publish","type":"page","link":"https:\/\/swost.eu\/?page_id=5459","title":{"rendered":"Proje"},"content":{"rendered":"<div class=\"wpb-content-wrapper\"><p>[vc_row][vc_column width=&#8221;2\/3&#8243;][vc_column_text]<\/p>\n<h2><b>Arka plan<\/b><\/h2>\n<p>Spor organizasyonlar\u0131 aras\u0131nda sosyal i\u00e7erme ve toplumsal cinsiyet e\u015fitli\u011fi, Avrupa&#8217;daki spor organizasyonlar\u0131 ve kul\u00fcplerindeki toplumsal cinsiyet u\u00e7urumlar\u0131n\u0131n ger\u00e7ekleri ile bu projenin ana ba\u011flant\u0131 noktas\u0131d\u0131r. Sporda sosyal i\u00e7erme ve toplumsal cinsiyet e\u015fitsizli\u011finin \u00f6n\u00fcndeki en b\u00fcy\u00fck engellerden biri toplumsal cinsiyet kal\u0131p yarg\u0131lar\u0131 ve \u00f6nyarg\u0131lard\u0131r!<\/p>\n<p>&nbsp;<\/p>\n<h2><b>G\u00f6rev<\/b><\/h2>\n<p><span style=\"font-weight: 400\">SWOST, spor organizasyonlar\u0131 ve kul\u00fcpleri i\u00e7erisinde cinsiyete dayal\u0131 ayr\u0131mc\u0131l\u0131\u011f\u0131n \u00f6nlenmesini ama\u00e7lamaktad\u0131r.  <\/span><\/p>\n<p><span style=\"font-weight: 400\">Proje, \u00f6zellikle haklara eri\u015fim, \u00f6zerklik ve kat\u0131l\u0131m konular\u0131na odaklanarak, cinsiyete dayal\u0131 ayr\u0131\u015fma olgular\u0131ndan ka\u00e7\u0131narak ve cinsiyetler aras\u0131nda \u00f6nyarg\u0131s\u0131z ve kar\u015f\u0131l\u0131kl\u0131 sayg\u0131ya dayal\u0131 ortak de\u011ferleri te\u015fvik ederek, spor organizasyonlar\u0131n\u0131 ilgilendiren t\u00fcm eylem alanlar\u0131nda daha fazla sinerji sa\u011flayan sekt\u00f6rler aras\u0131 bir i\u015fbirli\u011fini ele almaktad\u0131r.<\/span><\/p>\n<p>&nbsp;<\/p>\n<h2><b>Hedefler<\/b><\/h2>\n<p><span style=\"font-weight: 400\">Projenin genel amac\u0131, toplumsal cinsiyete dayal\u0131 \u015fiddet ve stereotiplerin \u00f6nlenmesini g\u00fc\u00e7lendirmek ve bunlarla m\u00fccadeleyi desteklemektir. <\/span><b>spor organi\u0307zasyonlari<\/b><span style=\"font-weight: 400\"> Avrupa&#8217;da dijital yenilik\u00e7i kaynaklar\u0131n pilot uygulamas\u0131 ve daha az f\u0131rsata sahip gen\u00e7lerin dahil edilmesi yoluyla.<\/span><\/p>\n<p><span style=\"font-weight: 400\">Projenin \u00f6zel hedefleri \u015funlard\u0131r:<\/span><\/p>\n<ul>\n<li>\n<p class=\"has-text-align-justify\">\u00d6zellikle gen\u00e7lere odaklanarak, erkeklerin ve kad\u0131nlar\u0131n tipik olarak &#8220;cinsiyete dayal\u0131 sporlar&#8221; olarak s\u0131n\u0131fland\u0131r\u0131lan sporlara kat\u0131l\u0131m\u0131n\u0131 te\u015fvik etmek ve art\u0131rmak;<\/p>\n<p class=\"has-text-align-justify\">Spor se\u00e7imlerinde fark\u0131ndal\u0131k ve bilin\u00e7 yaratarak gen\u00e7lerin becerilerini g\u00fc\u00e7lendirmek, gen\u00e7leri ve ailelerini spor se\u00e7iminde etkileyebilecek toplumsal cinsiyet kal\u0131p alg\u0131lar\u0131n\u0131 ortadan kald\u0131rmak;<\/p>\n<p class=\"has-text-align-justify\">Ba\u015far\u0131l\u0131 vakalar\u0131n alt\u0131n\u0131 \u00e7izmek, spor derneklerinin toplumsal cinsiyetin anaak\u0131mla\u015ft\u0131r\u0131lmas\u0131 alan\u0131ndaki deneyimlerini ve etkili en iyi uygulamalar\u0131n\u0131 payla\u015fmak;<\/p>\n<p class=\"has-text-align-justify\">Spor derneklerine rehberlik edebilecek bir <strong>\u00f6z de\u011ferlendirme \u00e7evrimi\u00e7i arac\u0131<\/strong> olu\u015fturmak. \u00c7evrimi\u00e7i ara\u00e7, kullan\u0131c\u0131lar\u0131 &#8211; \u00f6zelle\u015ftirilmi\u015f bir \u015fekilde &#8211; di\u011fer co\u011frafi veya sekt\u00f6rel ba\u011flamlarda uygulanan mevcut ara\u00e7lara, iyi uygulamalara ve kaynaklara y\u00f6nlendirecek, ayr\u0131ca t\u00fcm seviyelerde yer alan akt\u00f6rlerin ilerici a\u011f olu\u015fturma ve kapasite geli\u015ftirme gibi \u00f6nemli hedefleri olacakt\u0131r.<\/p>\n<p class=\"has-text-align-justify\">Avrupa spor birlikleri ve Sport without Stereotypes\/SWOST projesinin yararlan\u0131c\u0131lar\u0131 taraf\u0131ndan kullan\u0131lan toplumsal cinsiyet politikalar\u0131n\u0131n son durumunu izlemek ve geli\u015ftirmek;<\/p>\n<p class=\"has-text-align-justify\">Spor kul\u00fcplerinde ya\u015fanan homofobi ve toplumsal cinsiyete dayal\u0131 \u015fiddet hakk\u0131nda fark\u0131ndal\u0131k yaratmak.<\/p>\n<\/li>\n<\/ul>\n<p>&nbsp;<\/p>\n<h2><b>Faaliyetler<\/b><\/h2>\n<ul>\n<li style=\"font-weight: 400\"><span style=\"font-weight: 400\">Sporda toplumsal cinsiyet kal\u0131p yarg\u0131lar\u0131na ili\u015fkin son durum ve istatistiksel analizin a\u00e7\u0131klamas\u0131<\/span><\/li>\n<li style=\"font-weight: 400\"><span style=\"font-weight: 400\">SWOST \u00d6z De\u011ferlendirme Arac\u0131n\u0131n olu\u015fturulmas\u0131 ve uygulanmas\u0131  <\/span><\/li>\n<li style=\"font-weight: 400\"><span style=\"font-weight: 400\">Sporda toplumsal cinsiyet e\u015fitli\u011fi ve toplumsal cinsiyetin anaak\u0131mla\u015ft\u0131r\u0131lmas\u0131na ili\u015fkin t\u00fcm ilgili kaynak ve uygulamalar\u0131n, fark\u0131ndal\u0131k art\u0131r\u0131c\u0131 materyaller ve mevzuat referanslar\u0131 da dahil olmak \u00fczere, depoland\u0131\u011f\u0131 \u00e7evrimi\u00e7i bir veri taban\u0131n\u0131n olu\u015fturulmas\u0131<\/span><\/li>\n<li style=\"font-weight: 400\"><span style=\"font-weight: 400\">Yayg\u0131nla\u015ft\u0131rma kampanyas\u0131n\u0131n geli\u015ftirilmesi<\/span><\/li>\n<li style=\"font-weight: 400\"><span style=\"font-weight: 400\">Proje sonunda UEFA taraf\u0131ndan uluslararas\u0131 bir etkinlik d\u00fczenlenmesi<\/span><\/li>\n<\/ul>\n<p>[\/vc_column_text][\/vc_column][vc_column width=&#8221;1\/3&#8243;][vc_column_text]<\/p>\n<p style=\"text-align: right\"><strong><em>Proje Ba\u015flang\u0131\u00e7 Tarihi: 01\/01\/2021<\/em><\/strong><\/p>\n<p style=\"text-align: right\"><strong><em>Proje Biti\u015f Tarihi: 31\/12\/2023<\/em><\/strong><\/p>\n<p style=\"text-align: right\"><strong><em>Proje toplam s\u00fcresi: 36 ay<\/em><\/strong><\/p>\n<p>[\/vc_column_text][\/vc_column][\/vc_row][vc_row][vc_column][vc_single_image image=&#8221;3381&#8243; img_size=&#8221;full&#8221; alignment=&#8221;center&#8221; title=&#8221;Tek bir \u015femada SWOST projesi&#8221;][\/vc_column][\/vc_row]<\/p>\n<\/div>","protected":false},"excerpt":{"rendered":"<p>[vc_row][vc_column width=&#8221;2\/3&#8243;][vc_column_text] Arka plan Spor organizasyonlar\u0131 aras\u0131nda sosyal i\u00e7erme ve toplumsal cinsiyet e\u015fitli\u011fi, Avrupa&#8217;daki spor organizasyonlar\u0131 ve kul\u00fcplerindeki toplumsal cinsiyet u\u00e7urumlar\u0131n\u0131n ger\u00e7ekleri ile bu projenin ana ba\u011flant\u0131 noktas\u0131d\u0131r. Sporda sosyal i\u00e7erme ve toplumsal cinsiyet e\u015fitsizli\u011finin \u00f6n\u00fcndeki en b\u00fcy\u00fck engellerden biri toplumsal cinsiyet kal\u0131p yarg\u0131lar\u0131 ve \u00f6nyarg\u0131lard\u0131r! &nbsp; G\u00f6rev SWOST, spor organizasyonlar\u0131 ve kul\u00fcpleri i\u00e7erisinde cinsiyete&hellip;<\/p>\n","protected":false},"author":8,"featured_media":4951,"parent":0,"menu_order":0,"comment_status":"closed","ping_status":"closed","template":"","meta":{"footnotes":""},"class_list":["post-5459","page","type-page","status-publish","has-post-thumbnail","hentry","description-off"],"_links":{"self":[{"href":"https:\/\/swost.eu\/index.php?rest_route=\/wp\/v2\/pages\/5459","targetHints":{"allow":["GET"]}}],"collection":[{"href":"https:\/\/swost.eu\/index.php?rest_route=\/wp\/v2\/pages"}],"about":[{"href":"https:\/\/swost.eu\/index.php?rest_route=\/wp\/v2\/types\/page"}],"author":[{"embeddable":true,"href":"https:\/\/swost.eu\/index.php?rest_route=\/wp\/v2\/users\/8"}],"replies":[{"embeddable":true,"href":"https:\/\/swost.eu\/index.php?rest_route=%2Fwp%2Fv2%2Fcomments&post=5459"}],"version-history":[{"count":6,"href":"https:\/\/swost.eu\/index.php?rest_route=\/wp\/v2\/pages\/5459\/revisions"}],"predecessor-version":[{"id":5551,"href":"https:\/\/swost.eu\/index.php?rest_route=\/wp\/v2\/pages\/5459\/revisions\/5551"}],"wp:featuredmedia":[{"embeddable":true,"href":"https:\/\/swost.eu\/index.php?rest_route=\/wp\/v2\/media\/4951"}],"wp:attachment":[{"href":"https:\/\/swost.eu\/index.php?rest_route=%2Fwp%2Fv2%2Fmedia&parent=5459"}],"curies":[{"name":"wp","href":"https:\/\/api.w.org\/{rel}","templated":true}]}}