{"id":5587,"date":"2021-05-11T14:29:32","date_gmt":"2021-05-11T14:29:32","guid":{"rendered":"https:\/\/swost.eu\/?page_id=5587"},"modified":"2023-12-04T14:01:42","modified_gmt":"2023-12-04T14:01:42","slug":"outil-devaluation","status":"publish","type":"page","link":"https:\/\/swost.eu\/?page_id=5587","title":{"rendered":"D\u00e9marche d&#8217;\u00e9valuation"},"content":{"rendered":"<div class=\"wpb-content-wrapper\"><p>[vc_row][vc_column][vc_column_text]<\/p>\n<h5 style=\"text-align: center;\">Dans le cadre du projet SWOST, nous avons d\u00e9velopp\u00e9 une<span class=\"c5\"> auto-\u00e9valuation en ligne<\/span> <span class=\"c41\">personnalis\u00e9e<\/span><span class=\"c5\">, afin de permettre aux organisations sportives de se tester en mati\u00e8re de respect, de sensibilisation et d&#8217;\u00e9galit\u00e9 des sexes.<\/span><\/h5>\n<p>[\/vc_column_text][\/vc_column][\/vc_row][vc_row][vc_column]<div id=\"ultimate-heading-171969e0bcd34fd73\" class=\"uvc-heading ult-adjust-bottom-margin ultimate-heading-171969e0bcd34fd73 uvc-7710  uvc-heading-default-font-sizes\" data-hspacer=\"no_spacer\"  data-halign=\"center\" style=\"text-align:center\"><div class=\"uvc-heading-spacer no_spacer\" style=\"top\"><\/div><div class=\"uvc-main-heading ult-responsive\"  data-ultimate-target='.uvc-heading.ultimate-heading-171969e0bcd34fd73 h5'  data-responsive-json-new='{\"font-size\":\"\",\"line-height\":\"\"}' ><h5 style=\"--font-weight:theme;\">Nous identifions 3 niveaux de processus :<\/h5><\/div><\/div>[\/vc_column][\/vc_row][vc_row][vc_column width=&#8221;1\/5&#8243;]<div id=\"ultimate-heading-375669e0bcd34fdd6\" class=\"uvc-heading ult-adjust-bottom-margin ultimate-heading-375669e0bcd34fdd6 uvc-6968  uvc-heading-default-font-sizes\" data-hspacer=\"no_spacer\"  data-halign=\"center\" style=\"text-align:center\"><div class=\"uvc-heading-spacer no_spacer\" style=\"top\"><\/div><div class=\"uvc-main-heading ult-responsive\"  data-ultimate-target='.uvc-heading.ultimate-heading-375669e0bcd34fdd6 h6'  data-responsive-json-new='{\"font-size\":\"\",\"line-height\":\"\"}' ><h6 style=\"--font-weight:theme;\">Outil d'auto-\u00e9valuation<\/h6><\/div><\/div>[vc_column_text]<\/p>\n<p style=\"text-align: center;\">La d\u00e9marche propos\u00e9e permet \u00e0 une organisation sportive d\u2019\u00e9valuer par elle-m\u00eame ses propres habitudes de fonctionnement.<\/p>\n<p>[\/vc_column_text][\/vc_column][vc_column width=&#8221;1\/5&#8243;][vc_empty_space height=&#8221;25px&#8221;][vc_single_image image=&#8221;3044&#8243; img_size=&#8221;medium&#8221; alignment=&#8221;center&#8221;][\/vc_column][vc_column width=&#8221;1\/5&#8243;]<div id=\"ultimate-heading-340269e0bcd34fe1e\" class=\"uvc-heading ult-adjust-bottom-margin ultimate-heading-340269e0bcd34fe1e uvc-9403  uvc-heading-default-font-sizes\" data-hspacer=\"no_spacer\"  data-halign=\"center\" style=\"text-align:center\"><div class=\"uvc-heading-spacer no_spacer\" style=\"top\"><\/div><div class=\"uvc-main-heading ult-responsive\"  data-ultimate-target='.uvc-heading.ultimate-heading-340269e0bcd34fe1e h6'  data-responsive-json-new='{\"font-size\":\"\",\"line-height\":\"\"}' ><h6 style=\"--font-weight:theme;\">Label de qualit\u00e9<\/h6><\/div><\/div>[vc_column_text]<span style=\"font-weight: 400;\">En fonction des r\u00e9ponses, l&#8217;organisation acquiert <\/span><span style=\"font-weight: 400;\">le label de qualit\u00e9 Bronze, Argent ou Or. <\/span>[\/vc_column_text][\/vc_column][vc_column width=&#8221;1\/5&#8243;][vc_empty_space height=&#8221;25px&#8221;][vc_single_image image=&#8221;3044&#8243; img_size=&#8221;medium&#8221; alignment=&#8221;center&#8221;][\/vc_column][vc_column width=&#8221;1\/5&#8243;]<div id=\"ultimate-heading-257669e0bcd34fe6d\" class=\"uvc-heading ult-adjust-bottom-margin ultimate-heading-257669e0bcd34fe6d uvc-2736  uvc-heading-default-font-sizes\" data-hspacer=\"no_spacer\"  data-halign=\"center\" style=\"text-align:center\"><div class=\"uvc-heading-spacer no_spacer\" style=\"top\"><\/div><div class=\"uvc-main-heading ult-responsive\"  data-ultimate-target='.uvc-heading.ultimate-heading-257669e0bcd34fe6d h6'  data-responsive-json-new='{\"font-size\":\"\",\"line-height\":\"\"}' ><h6 style=\"--font-weight:theme;\">Base de donn\u00e9es<\/h6><\/div><\/div>[vc_column_text]L\u2019ensemble des r\u00e9ponses donnera lieu \u00e0 un profil personnalis\u00e9 de votre organisation et plusieurs perspectives d\u2019am\u00e9lioration seront propos\u00e9es.[\/vc_column_text][\/vc_column][\/vc_row][vc_row][vc_column]<div id=\"ultimate-heading-559869e0bcd34fee4\" class=\"uvc-heading ult-adjust-bottom-margin ultimate-heading-559869e0bcd34fee4 uvc-308  uvc-heading-default-font-sizes\" data-hspacer=\"no_spacer\"  data-halign=\"center\" style=\"text-align:center\"><div class=\"uvc-heading-spacer no_spacer\" style=\"top\"><\/div><div class=\"uvc-main-heading ult-responsive\"  data-ultimate-target='.uvc-heading.ultimate-heading-559869e0bcd34fee4 h5'  data-responsive-json-new='{\"font-size\":\"\",\"line-height\":\"\"}' ><h5 style=\"--font-weight:theme;\">L'outil d'auto-\u00e9valuation SWOST Online aide les organisations et les clubs sportifs \u00e0 :<\/h5><\/div><\/div>[vc_column_text]<\/p>\n<ul>\n<li style=\"font-weight: 400;\">D\u00e9velopper des comp\u00e9tences et une sensibilisation aux st\u00e9r\u00e9otypes de genre, \u00e0 la violence et au harc\u00e8lement fond\u00e9s sur le genre dans la vie quotidienne de l\u2019organisation<\/li>\n<li style=\"font-weight: 400;\"><span style=\"font-weight: 400;\">S\u2019engager plus activement dans une r\u00e9flexion sur les pratiques \u00e9ducatives en vigueur dans l\u2019organisation en termes d\u2019approche de genre, stimul\u00e9e par un exercice d&#8217;auto-\u00e9valuation structur\u00e9 fournissant un retour d&#8217;information en fonction des diff\u00e9rents niveaux de progression.<\/span><\/li>\n<li style=\"font-weight: 400;\">Inscrire l\u2019organisation dans une d\u00e9marche r\u00e9guli\u00e8re d\u2019auto-\u00e9valuation des strat\u00e9gies mises en \u0153uvre pour att\u00e9nuer progressivement les effets des st\u00e9r\u00e9otypes de genre.<\/li>\n<li style=\"font-weight: 400;\">Permettre \u00e0 l\u2019organisation de d\u00e9velopper une d\u00e9marche continue d\u2019apprentissage afin d\u2019att\u00e9nuer les effets des st\u00e9r\u00e9otypes de genre.<\/li>\n<li style=\"font-weight: 400;\">D\u00e9velopper au sein de l\u2019organisation les conditions optimales d\u2019apprentissage \u00e0 une d\u00e9marche d\u2019\u00e9valuation qui permet aux membres de celle-ci d\u2019\u00e9voluer \u00e0 leurs propres rythmes.<\/li>\n<\/ul>\n<p>[\/vc_column_text][\/vc_column][\/vc_row][vc_row][vc_column]<div id=\"ultimate-heading-460269e0bcd34ff3c\" class=\"uvc-heading ult-adjust-bottom-margin ultimate-heading-460269e0bcd34ff3c uvc-5381  uvc-heading-default-font-sizes\" data-hspacer=\"no_spacer\"  data-halign=\"center\" style=\"text-align:center\"><div class=\"uvc-heading-spacer no_spacer\" style=\"top\"><\/div><div class=\"uvc-main-heading ult-responsive\"  data-ultimate-target='.uvc-heading.ultimate-heading-460269e0bcd34ff3c h5'  data-responsive-json-new='{\"font-size\":\"\",\"line-height\":\"\"}' ><h5 style=\"--font-weight:theme;\">Remplissez l'outil d'auto-\u00e9valuation et mettez votre organisation au d\u00e9fi, apr\u00e8s quoi vous recevrez un label de qualit\u00e9 prouvant l'\u00e9galit\u00e9 des sexes et la convivialit\u00e9 au sein de votre organisation.<\/h5><\/div><\/div>[vc_empty_space height=&#8221;52px&#8221;][vc_btn title=&#8221;D\u00e9marrer l\u2019auto-\u00e9valuation&#8221; color=&#8221;black&#8221; align=&#8221;center&#8221; link=&#8221;url:https%3A%2F%2Fsurvey.cscs.it%2Findex.php%2F314846%3Flang%3Dfr|target:_blank&#8221;][vc_empty_space height=&#8221;52px&#8221;][\/vc_column][\/vc_row][vc_row][vc_column][vc_raw_html]JTNDaWZyYW1lJTIwc3JjJTNEJTIyaHR0cHMlM0ElMkYlMkZncmEua2lldHouZXUlMkZkLXNvbG8lMkZkNzNiMTllZS1mYjA0LTRiZjYtYTRhMS0wYWVjNGQyNmIzYWElMkZsaW1lc3VydmV5LWdlb21hcCUzRm9yZ0lkJTNEMSUyNmZyb20lM0QxNjk5MjcwMTM1MTg0JTI2dG8lM0QxNjk5MjkxNzM1MTg0JTI2cGFuZWxJZCUzRDElMjIlMjB3aWR0aCUzRCUyMjEwMCUyNSUyMiUyMGhlaWdodCUzRCUyMjY1MCUyMiUyMGZyYW1lYm9yZGVyJTNEJTIyMCUyMiUzRSUzQyUyRmlmcmFtZSUzRQ==[\/vc_raw_html][vc_btn title=&#8221;PLUS DE STATS&#8221; color=&#8221;black&#8221; align=&#8221;center&#8221; link=&#8221;url:https%3A%2F%2Fswost.eu%2F%3Fpage_id%3D7479&#8243;][\/vc_column][\/vc_row][vc_row][vc_column][\/vc_column][\/vc_row]<\/p>\n<\/div>","protected":false},"excerpt":{"rendered":"<p>[vc_row][vc_column][vc_column_text] Dans le cadre du projet SWOST, nous avons d\u00e9velopp\u00e9 une auto-\u00e9valuation en ligne personnalis\u00e9e, afin de permettre aux organisations sportives de se tester en mati\u00e8re de respect, de sensibilisation et d&#8217;\u00e9galit\u00e9 des sexes. [\/vc_column_text][\/vc_column][\/vc_row][vc_row][vc_column][\/vc_column][\/vc_row][vc_row][vc_column width=&#8221;1\/5&#8243;][vc_column_text] La d\u00e9marche propos\u00e9e permet \u00e0 une organisation sportive d\u2019\u00e9valuer par elle-m\u00eame ses propres habitudes de fonctionnement. [\/vc_column_text][\/vc_column][vc_column width=&#8221;1\/5&#8243;][vc_empty_space height=&#8221;25px&#8221;][vc_single_image&hellip;<\/p>\n","protected":false},"author":8,"featured_media":0,"parent":0,"menu_order":0,"comment_status":"closed","ping_status":"closed","template":"","meta":{"footnotes":""},"class_list":["post-5587","page","type-page","status-publish","hentry","description-off"],"_links":{"self":[{"href":"https:\/\/swost.eu\/index.php?rest_route=\/wp\/v2\/pages\/5587","targetHints":{"allow":["GET"]}}],"collection":[{"href":"https:\/\/swost.eu\/index.php?rest_route=\/wp\/v2\/pages"}],"about":[{"href":"https:\/\/swost.eu\/index.php?rest_route=\/wp\/v2\/types\/page"}],"author":[{"embeddable":true,"href":"https:\/\/swost.eu\/index.php?rest_route=\/wp\/v2\/users\/8"}],"replies":[{"embeddable":true,"href":"https:\/\/swost.eu\/index.php?rest_route=%2Fwp%2Fv2%2Fcomments&post=5587"}],"version-history":[{"count":9,"href":"https:\/\/swost.eu\/index.php?rest_route=\/wp\/v2\/pages\/5587\/revisions"}],"predecessor-version":[{"id":7496,"href":"https:\/\/swost.eu\/index.php?rest_route=\/wp\/v2\/pages\/5587\/revisions\/7496"}],"wp:attachment":[{"href":"https:\/\/swost.eu\/index.php?rest_route=%2Fwp%2Fv2%2Fmedia&parent=5587"}],"curies":[{"name":"wp","href":"https:\/\/api.w.org\/{rel}","templated":true}]}}